{"id":450,"date":"2016-02-27T01:15:08","date_gmt":"2016-02-27T00:15:08","guid":{"rendered":"http:\/\/car-rugby.fr\/?page_id=450"},"modified":"2026-02-09T07:43:12","modified_gmt":"2026-02-09T06:43:12","slug":"contact","status":"publish","type":"page","link":"https:\/\/car-rugby.fr\/index.php\/contact\/","title":{"rendered":"Contact"},"content":{"rendered":"<h3>Adresse postale<\/h3>\n<p>Club Athl\u00e9tique Rib\u00e9rac Rugby Dordogne<br>Stade Municipal &#8211; BP 26<br>24600 RIBERAC<\/p>\n<p><span style=\"text-decoration: underline;\"><strong>T\u00e9l\u00e9phone :<\/strong><\/span> 09 82 73 26 47<\/p>\n<p>&nbsp;<\/p>\n<h3>Vous pouvez \u00e9galement contacter le Club en compl\u00e9tant le formulaire ci-dessous.<\/h3>\n\n\n<p>&nbsp;<\/p>\n\n\n\n<div class=\"wpcf7 no-js\" id=\"wpcf7-f1031-o1\" lang=\"fr-FR\" dir=\"ltr\">\n<div class=\"screen-reader-response\"><p role=\"status\" aria-live=\"polite\" aria-atomic=\"true\"><\/p> <ul><\/ul><\/div>\n<form action=\"\/index.php\/wp-json\/wp\/v2\/pages\/450#wpcf7-f1031-o1\" method=\"post\" class=\"wpcf7-form init\" aria-label=\"Formulaire de contact\" novalidate=\"novalidate\" data-status=\"init\">\n<div style=\"display: none;\">\n<input type=\"hidden\" name=\"_wpcf7\" value=\"1031\" \/>\n<input type=\"hidden\" name=\"_wpcf7_version\" value=\"5.7.7\" \/>\n<input type=\"hidden\" name=\"_wpcf7_locale\" value=\"fr_FR\" \/>\n<input type=\"hidden\" name=\"_wpcf7_unit_tag\" value=\"wpcf7-f1031-o1\" \/>\n<input type=\"hidden\" name=\"_wpcf7_container_post\" value=\"0\" \/>\n<input type=\"hidden\" name=\"_wpcf7_posted_data_hash\" value=\"\" \/>\n<\/div>\n<p><label> Votre nom (obligatoire)<br \/>\n<span class=\"wpcf7-form-control-wrap\" data-name=\"your-name\"><input size=\"40\" class=\"wpcf7-form-control wpcf7-text wpcf7-validates-as-required\" aria-required=\"true\" aria-invalid=\"false\" value=\"\" type=\"text\" name=\"your-name\" \/><\/span> <\/label>\n<\/p>\n<p><label> Votre adresse de messagerie (obligatoire)<br \/>\n<span class=\"wpcf7-form-control-wrap\" data-name=\"your-email\"><input size=\"40\" class=\"wpcf7-form-control wpcf7-text wpcf7-email wpcf7-validates-as-required wpcf7-validates-as-email\" aria-required=\"true\" aria-invalid=\"false\" value=\"\" type=\"email\" name=\"your-email\" \/><\/span> <\/label>\n<\/p>\n<p><label> Objet<br \/>\n<span class=\"wpcf7-form-control-wrap\" data-name=\"your-subject\"><input size=\"40\" class=\"wpcf7-form-control wpcf7-text\" aria-invalid=\"false\" value=\"\" type=\"text\" name=\"your-subject\" \/><\/span> <\/label>\n<\/p>\n<p><label> Votre message<br \/>\n<span class=\"wpcf7-form-control-wrap\" data-name=\"your-message\"><textarea cols=\"20\" rows=\"10\" class=\"wpcf7-form-control wpcf7-textarea\" aria-invalid=\"false\" name=\"your-message\"><\/textarea><\/span> <\/label>\n<\/p>\n<p><label> <span class=\"wpcf7-form-control-wrap\" data-name=\"quiz-capital\"><label><span class=\"wpcf7-quiz-label\">Comme vous \u00eates un humain, r\u00e9pondez \u00e0 la question suivante: Quelle est la capitale de la France?<\/span> <input size=\"40\" class=\"wpcf7-form-control wpcf7-quiz\" autocomplete=\"off\" aria-required=\"true\" aria-invalid=\"false\" type=\"text\" name=\"quiz-capital\" \/><\/label><input type=\"hidden\" name=\"_wpcf7_quiz_answer_quiz-capital\" value=\"9c8accb424b68351e31fffc897d13647\" \/><\/span> <\/label>\n<\/p>\n<p><input class=\"wpcf7-form-control has-spinner wpcf7-submit\" type=\"submit\" value=\"Envoyer\" \/>\n<\/p><p style=\"display: none !important;\" class=\"akismet-fields-container\" data-prefix=\"_wpcf7_ak_\"><label>&#916;<textarea name=\"_wpcf7_ak_hp_textarea\" cols=\"45\" rows=\"8\" maxlength=\"100\"><\/textarea><\/label><input type=\"hidden\" id=\"ak_js_1\" name=\"_wpcf7_ak_js\" value=\"233\"\/><script type=\"text\/javascript\">\n\/* <![CDATA[ *\/\ndocument.getElementById( \"ak_js_1\" ).setAttribute( \"value\", ( new Date() ).getTime() );\n\/* ]]> *\/\n<\/script>\n<\/p><div class=\"wpcf7-response-output\" aria-hidden=\"true\"><\/div>\n<\/form>\n<\/div>\n\n","protected":false},"excerpt":{"rendered":"<p>Adresse postale Club Athl\u00e9tique Rib\u00e9rac Rugby DordogneStade Municipal &#8211; BP 2624600 RIBERAC T\u00e9l\u00e9phone : 09 82 73 26 47 &nbsp; Vous pouvez \u00e9galement contacter le Club en compl\u00e9tant le formulaire ci-dessous. &nbsp;<\/p>\n","protected":false},"author":1,"featured_media":0,"parent":0,"menu_order":0,"comment_status":"closed","ping_status":"closed","template":"","meta":{"_exactmetrics_skip_tracking":false,"_exactmetrics_sitenote_active":false,"_exactmetrics_sitenote_note":"","_exactmetrics_sitenote_category":0,"ngg_post_thumbnail":0,"jetpack_post_was_ever_published":false,"footnotes":""},"class_list":["post-450","page","type-page","status-publish","hentry"],"jetpack_sharing_enabled":true,"jetpack_shortlink":"https:\/\/wp.me\/Paxq1d-7g","jetpack_likes_enabled":false,"_links":{"self":[{"href":"https:\/\/car-rugby.fr\/index.php\/wp-json\/wp\/v2\/pages\/450","targetHints":{"allow":["GET"]}}],"collection":[{"href":"https:\/\/car-rugby.fr\/index.php\/wp-json\/wp\/v2\/pages"}],"about":[{"href":"https:\/\/car-rugby.fr\/index.php\/wp-json\/wp\/v2\/types\/page"}],"author":[{"embeddable":true,"href":"https:\/\/car-rugby.fr\/index.php\/wp-json\/wp\/v2\/users\/1"}],"replies":[{"embeddable":true,"href":"https:\/\/car-rugby.fr\/index.php\/wp-json\/wp\/v2\/comments?post=450"}],"version-history":[{"count":22,"href":"https:\/\/car-rugby.fr\/index.php\/wp-json\/wp\/v2\/pages\/450\/revisions"}],"predecessor-version":[{"id":7550,"href":"https:\/\/car-rugby.fr\/index.php\/wp-json\/wp\/v2\/pages\/450\/revisions\/7550"}],"wp:attachment":[{"href":"https:\/\/car-rugby.fr\/index.php\/wp-json\/wp\/v2\/media?parent=450"}],"curies":[{"name":"wp","href":"https:\/\/api.w.org\/{rel}","templated":true}]}}