{"id":4487,"date":"2021-11-11T22:11:22","date_gmt":"2021-11-11T21:11:22","guid":{"rendered":"http:\/\/car-rugby.fr\/index.php\/boutique\/"},"modified":"2022-03-19T09:29:28","modified_gmt":"2022-03-19T08:29:28","slug":"boutique","status":"publish","type":"page","link":"https:\/\/car-rugby.fr\/index.php\/boutique\/","title":{"rendered":"Boutique Supporters"},"content":{"rendered":"\n<h3 class=\"has-text-align-center has-medium-font-size wp-block-heading\">Les v\u00eatements et accessoires estampill\u00e9s \u00ab\u00a0CAR Rugby\u00a0\u00bb sont \u00e0 commander aupr\u00e8s de notre partenaire DREAMS Store (acc\u00e8s \u00e0 la boutique en cliquant sur l&rsquo;image ci-dessous).<\/h3>\n\n\n\n<div class=\"wp-block-image\"><figure class=\"aligncenter size-large\"><a href=\"https:\/\/www.dreamsstore.fr\/\" target=\"_blank\" rel=\"noopener\"><img data-recalc-dims=\"1\" loading=\"lazy\" decoding=\"async\" width=\"640\" height=\"214\" src=\"https:\/\/i0.wp.com\/car-rugby.fr\/wp\/wp-content\/uploads\/2022\/03\/Dreamsstore.jpg?resize=640%2C214\" alt=\"\" class=\"wp-image-5101\" srcset=\"https:\/\/i0.wp.com\/car-rugby.fr\/wp\/wp-content\/uploads\/2022\/03\/Dreamsstore.jpg?resize=1024%2C342&amp;ssl=1 1024w, https:\/\/i0.wp.com\/car-rugby.fr\/wp\/wp-content\/uploads\/2022\/03\/Dreamsstore.jpg?resize=300%2C100&amp;ssl=1 300w, https:\/\/i0.wp.com\/car-rugby.fr\/wp\/wp-content\/uploads\/2022\/03\/Dreamsstore.jpg?resize=1536%2C512&amp;ssl=1 1536w, https:\/\/i0.wp.com\/car-rugby.fr\/wp\/wp-content\/uploads\/2022\/03\/Dreamsstore.jpg?resize=144%2C48&amp;ssl=1 144w, https:\/\/i0.wp.com\/car-rugby.fr\/wp\/wp-content\/uploads\/2022\/03\/Dreamsstore.jpg?resize=600%2C200&amp;ssl=1 600w, https:\/\/i0.wp.com\/car-rugby.fr\/wp\/wp-content\/uploads\/2022\/03\/Dreamsstore.jpg?w=2048&amp;ssl=1 2048w, https:\/\/i0.wp.com\/car-rugby.fr\/wp\/wp-content\/uploads\/2022\/03\/Dreamsstore.jpg?w=1280 1280w, https:\/\/i0.wp.com\/car-rugby.fr\/wp\/wp-content\/uploads\/2022\/03\/Dreamsstore.jpg?w=1920 1920w\" sizes=\"auto, (max-width: 640px) 100vw, 640px\" \/><\/a><\/figure><\/div>\n\n\n\n<div style=\"height:100px\" aria-hidden=\"true\" class=\"wp-block-spacer\"><\/div>\n\n\n\n<hr class=\"wp-block-separator\"\/>\n\n\n\n<h2 class=\"wp-block-heading\">Notre propre boutique<\/h2>\n\n\n\n<p>Notre propre boutique vend les accessoires ci-dessous.<\/p>\n\n\n\n<h3 class=\"wp-block-heading\" id=\"conditions-de-vente\">Conditions de vente<\/h3>\n\n\n\n<p>Chaque commande sera effective \u00e0 la r\u00e9ception du paiement.<\/p>\n\n\n\n<div style=\"height:20px\" aria-hidden=\"true\" class=\"wp-block-spacer\"><\/div>\n\n\n\n<div style=\"height:50px\" aria-hidden=\"true\" class=\"wp-block-spacer\"><\/div>\n","protected":false},"excerpt":{"rendered":"<p>Les v\u00eatements et accessoires estampill\u00e9s \u00ab\u00a0CAR Rugby\u00a0\u00bb sont \u00e0 commander aupr\u00e8s de notre partenaire DREAMS Store (acc\u00e8s \u00e0 la boutique en cliquant sur l&rsquo;image ci-dessous). Notre propre boutique Notre propre boutique vend les accessoires ci-dessous. Conditions de vente Chaque commande sera effective \u00e0 la r\u00e9ception du paiement.<\/p>\n","protected":false},"author":11,"featured_media":0,"parent":0,"menu_order":0,"comment_status":"closed","ping_status":"closed","template":"","meta":{"_exactmetrics_skip_tracking":false,"_exactmetrics_sitenote_active":false,"_exactmetrics_sitenote_note":"","_exactmetrics_sitenote_category":0,"ngg_post_thumbnail":0,"jetpack_post_was_ever_published":false,"footnotes":""},"class_list":["post-4487","page","type-page","status-publish","hentry"],"jetpack_sharing_enabled":true,"jetpack_shortlink":"https:\/\/wp.me\/Paxq1d-1an","jetpack_likes_enabled":false,"_links":{"self":[{"href":"https:\/\/car-rugby.fr\/index.php\/wp-json\/wp\/v2\/pages\/4487","targetHints":{"allow":["GET"]}}],"collection":[{"href":"https:\/\/car-rugby.fr\/index.php\/wp-json\/wp\/v2\/pages"}],"about":[{"href":"https:\/\/car-rugby.fr\/index.php\/wp-json\/wp\/v2\/types\/page"}],"author":[{"embeddable":true,"href":"https:\/\/car-rugby.fr\/index.php\/wp-json\/wp\/v2\/users\/11"}],"replies":[{"embeddable":true,"href":"https:\/\/car-rugby.fr\/index.php\/wp-json\/wp\/v2\/comments?post=4487"}],"version-history":[{"count":34,"href":"https:\/\/car-rugby.fr\/index.php\/wp-json\/wp\/v2\/pages\/4487\/revisions"}],"predecessor-version":[{"id":5112,"href":"https:\/\/car-rugby.fr\/index.php\/wp-json\/wp\/v2\/pages\/4487\/revisions\/5112"}],"wp:attachment":[{"href":"https:\/\/car-rugby.fr\/index.php\/wp-json\/wp\/v2\/media?parent=4487"}],"curies":[{"name":"wp","href":"https:\/\/api.w.org\/{rel}","templated":true}]}}