{"id":1144,"date":"2018-12-15T14:09:41","date_gmt":"2018-12-15T13:09:41","guid":{"rendered":"http:\/\/car-rugby.fr\/?page_id=1144"},"modified":"2022-04-25T09:09:19","modified_gmt":"2022-04-25T08:09:19","slug":"palmares-du-club","status":"publish","type":"page","link":"https:\/\/car-rugby.fr\/index.php\/le-club\/palmares-du-club\/","title":{"rendered":"Palmar\u00e8s du Club"},"content":{"rendered":"\n<h2 class=\"wp-block-heading\">Les Titres<\/h2>\n\n\n\n<p><strong>Titres de Champion de France (C-F)<\/strong><\/p>\n\n\n\n<ul class=\"wp-block-list\"><li>1997: 1\u00e8re s\u00e9rie<\/li><li>2000: Honneur<\/li><\/ul>\n\n\n<style type=\"text\/css\">\n#foogallery-gallery-2079.fg-masonry .fg-item { width: 150px; }\n#foogallery-gallery-2079.fg-masonry { --fg-gutter: 10px; }<\/style>\n\t\t\t<div class=\"foogallery foogallery-container foogallery-masonry foogallery-lightbox-foobox fg-masonry fg-ready fg-light fg-loading-default fg-loaded-fade-in fg-hover-scale fg-hover-fade fg-fixed\" id=\"foogallery-gallery-2079\" data-foogallery=\"{&quot;item&quot;:{&quot;showCaptionTitle&quot;:true,&quot;showCaptionDescription&quot;:true},&quot;lazy&quot;:true,&quot;template&quot;:{&quot;columnWidth&quot;:150,&quot;gutter&quot;:10}}\" style=\"--fg-title-line-clamp: 0; --fg-description-line-clamp: 0;\" >\n\t\t<div class=\"fg-item fg-type-image fg-idle\"><figure class=\"fg-item-inner\"><a href=\"https:\/\/car-rugby.fr\/wp\/wp-content\/uploads\/2016\/01\/bouclier_1997.jpg\" data-attachment-id=\"25\" data-type=\"image\" class=\"fg-thumb\"><span class=\"fg-image-wrap\"><img decoding=\"async\" width=\"150\" height=\"189\" class=\"skip-lazy fg-image\" data-src-fg=\"https:\/\/car-rugby.fr\/wp\/wp-content\/uploads\/cache\/2016\/01\/bouclier_1997\/449597504.jpg\" src=\"data:image\/svg+xml,%3Csvg%20xmlns%3D%22http%3A%2F%2Fwww.w3.org%2F2000%2Fsvg%22%20width%3D%22150%22%20height%3D%22189%22%20viewBox%3D%220%200%20150%20189%22%3E%3C%2Fsvg%3E\" loading=\"eager\"><\/span><span class=\"fg-image-overlay\"><\/span><\/a><\/figure><div class=\"fg-loader\"><\/div><\/div><div class=\"fg-item fg-type-image fg-idle\"><figure class=\"fg-item-inner\"><a href=\"https:\/\/car-rugby.fr\/wp\/wp-content\/uploads\/2016\/01\/bouclier_2000.jpg\" data-attachment-id=\"26\" data-type=\"image\" class=\"fg-thumb\"><span class=\"fg-image-wrap\"><img decoding=\"async\" width=\"150\" height=\"209\" class=\"skip-lazy fg-image\" data-src-fg=\"https:\/\/car-rugby.fr\/wp\/wp-content\/uploads\/cache\/2016\/01\/bouclier_2000\/1354470801.jpg\" src=\"data:image\/svg+xml,%3Csvg%20xmlns%3D%22http%3A%2F%2Fwww.w3.org%2F2000%2Fsvg%22%20width%3D%22150%22%20height%3D%22209%22%20viewBox%3D%220%200%20150%20209%22%3E%3C%2Fsvg%3E\" loading=\"eager\"><\/span><span class=\"fg-image-overlay\"><\/span><\/a><\/figure><div class=\"fg-loader\"><\/div><\/div><\/div>\n\n<p><strong>Titres de Champion du Comit\u00e9 P\u00e9rigord-Agenais (P-A)<\/strong><\/p>\n<ul style=\"list-style-type: disc;\">\n<li>1934: 5\u00e8me s\u00e9rie<\/li>\n<li>1935: 3\u00e8me s\u00e9rie<\/li>\n<li>1938: 3\u00e8me s\u00e9rie<\/li>\n<li>1958: Equipe Juniors<\/li>\n<li>1996: 2\u00e8me s\u00e9rie<\/li>\n<li>1997: 1\u00e8re s\u00e9rie (Equipes A et B)<\/li>\n<li>1998: Promotion Honneur (Equipes A et B)<\/li>\n<li>1999: Equipe Cadets<\/li>\n<li>2000: Honneur<\/li>\n<\/ul>\n<h2>&nbsp;<\/h2>\n\n\n<h2 class=\"wp-block-heading\">Historique des saisons en Championnat de l&rsquo;Equipe fanion<\/h2>\n\n\n\n<h3 class=\"wp-block-heading\">Depuis 1909, c&rsquo;est <a href=\"http:\/\/car-rugby.fr\/wp\/wp-content\/uploads\/2019\/04\/Historique-saisons-depuis1909.pdf\" target=\"_blank\" rel=\"noreferrer noopener\" aria-label=\"ici (s\u2019ouvre dans un nouvel onglet)\">ici<\/a>.<\/h3>\n\n\n\n<h3 class=\"wp-block-heading\">Le r\u00e9sum\u00e9 des derni\u00e8res d\u00e9cennies.<\/h3>\n\n\n\n<ul class=\"wp-block-list\"><li>LRNA&nbsp;: Ligue R\u00e9gionale Nouvelle Aquitaine<\/li><li>P-A&nbsp;: Comit\u00e9 P\u00e9rigord-Agenais<\/li><li>C-F&nbsp;: Championnat de France<\/li><\/ul>\n\n\n\n<figure class=\"wp-block-table\"><table class=\"has-fixed-layout\"><tbody><tr><td><strong>Saison<\/strong><\/td><td><strong>Championnat<\/strong><\/td><td><strong>Classement Poule<\/strong><\/td><td><strong>Phase Finale<\/strong><\/td><td><strong>Titre<\/strong><\/td><\/tr><tr><td>2021-2022<\/td><td>Pr\u00e9 F\u00e9d\u00e9rale LRNA<\/td><td><a href=\"http:\/\/car-rugby.fr\/wp\/wp-content\/uploads\/2022\/04\/2021-22-seniorsA-18j.jpeg\" target=\"_blank\" rel=\"noreferrer noopener\">Equipe A: 8\/9<\/a><br><a href=\"http:\/\/car-rugby.fr\/wp\/wp-content\/uploads\/2022\/04\/2021-22-seniorsB-18j.jpeg\" target=\"_blank\" rel=\"noreferrer noopener\">Equipe B: 3\/9<\/a><\/td><td>B: 8\u00e8 finale LRNA<\/td><td><\/td><\/tr><tr><td>2020-2021<\/td><td>Pr\u00e9 F\u00e9d\u00e9rale LRNA<\/td><td>poule 2<\/td><td><meta http-equiv=\"content-type\" content=\"text\/html; charset=utf-8\"><a href=\"http:\/\/car-rugby.fr\/index.php\/2020\/10\/29\/covid-19-competitions-de-rugby-amateur-suspendues\/\" target=\"_blank\" rel=\"noreferrer noopener\">Arr\u00eat des comp\u00e9titions <\/a>pour cause de Covid-19<\/td><td><a rel=\"noreferrer noopener\" href=\"https:\/\/www.ffr.fr\/actualites\/federation\/bureau-federal-arret-des-competitions-amateurs-pour-la-saison-2020-2021\" target=\"_blank\">Aucun titre d\u00e9cern\u00e9<\/a><br>saison blanche<\/td><\/tr><tr><td>2019-2020<\/td><td>Honneur LRNA<\/td><td><a href=\"http:\/\/car-rugby.fr\/index.php\/2020\/04\/29\/la-fin-de-saison-2019-2020\/\" target=\"_blank\" rel=\"noreferrer noopener\">Equipe A: 4\/10<br>Equipe B: 1\/10<\/a><\/td><td>Arr\u00eat des comp\u00e9titions pour cause de Covid-19<\/td><td><a rel=\"noreferrer noopener\" href=\"https:\/\/www.ffr.fr\/actualites\/federation\/covid-19-arret-des-competitions-de-rugby-amateur-pour-la-saison-2019-2020\" target=\"_blank\">Aucun titre d\u00e9cern\u00e9<\/a><\/td><\/tr><tr><td>2018-2019<\/td><td>Honneur LRNA<\/td><td>3\/10<\/td><td>A: 8\u00e8 finale LRNA, 32\u00e8 finale C-F<br>B: 1\/4 finale LRNA, 8\u00e8 finale C-F<\/td><td><br><\/td><\/tr><tr><td>2017-2018<\/td><td>F\u00e9d\u00e9rale 3<\/td><td>11\/12<\/td><td><br><\/td><td><br><\/td><\/tr><tr><td>2016-2017<\/td><td>Honneur R\u00e9gional P-A<\/td><td><br><\/td><td>1\/2 finale<\/td><td><br><\/td><\/tr><tr><td>2015-2016<\/td><td>F\u00e9d\u00e9rale 3<\/td><td>9\/10<\/td><td><br><\/td><td><br><\/td><\/tr><tr><td>2014-2015<\/td><td>F\u00e9d\u00e9rale 3<\/td><td>5\/10<\/td><td><br><\/td><td><br><\/td><\/tr><tr><td>2013-2014<\/td><td>F\u00e9d\u00e9rale 2<\/td><td>5\/10<\/td><td><br><\/td><td><br><\/td><\/tr><tr><td>2012-2013<\/td><td>F\u00e9d\u00e9rale 2<\/td><td>7\/10<\/td><td><br><\/td><td><br><\/td><\/tr><tr><td>2011-2012<\/td><td>F\u00e9d\u00e9rale 1<\/td><td>10\/10<\/td><td><br><\/td><td><br><\/td><\/tr><tr><td>2010-2011<\/td><td>F\u00e9d\u00e9rale 1<\/td><td>9\/12<\/td><td><br><\/td><td><br><\/td><\/tr><tr><td>2009-2010<\/td><td>F\u00e9d\u00e9rale 2<\/td><td>1\/12<\/td><td>16\u00e8 de finale<\/td><td><br><\/td><\/tr><tr><td>2008-2009<\/td><td>F\u00e9d\u00e9rale 1<\/td><td>8\/8<\/td><td><br><\/td><td><br><\/td><\/tr><tr><td>2007-2008<\/td><td>F\u00e9d\u00e9rale 1<\/td><td>4\/8<\/td><td>Qualif au Troph\u00e9e Jean Prat<\/td><td><br><\/td><\/tr><tr><td>2006-2007<\/td><td>F\u00e9d\u00e9rale 2<\/td><td>1\/12<\/td><td>8\u00e8 de finale<\/td><td><br><\/td><\/tr><tr><td>2005-2006<\/td><td>F\u00e9d\u00e9rale 2<\/td><td>3\/12<\/td><td>32\u00e8 de finale<\/td><td><br><\/td><\/tr><tr><td>2004-2005<\/td><td>F\u00e9d\u00e9rale 2<\/td><td>4\/12<\/td><td>32\u00e8 de finale<\/td><td><br><\/td><\/tr><tr><td>2003-2004<\/td><td>F\u00e9d\u00e9rale 2<\/td><td>6\/12<\/td><td>1\/4 de finale<\/td><td><br><\/td><\/tr><tr><td>2002-2003<\/td><td>F\u00e9d\u00e9rale 2<\/td><td>7\/12<\/td><td><br><\/td><td><br><\/td><\/tr><tr><td>2001-2002<\/td><td>F\u00e9d\u00e9rale 3<\/td><td>1\/12<\/td><td>1\/2 finale<\/td><td><br><\/td><\/tr><tr><td>2000-2001<\/td><td>F\u00e9d\u00e9rale 3<\/td><td>2\/11<\/td><td>16\u00e8 de finale<\/td><td><br><\/td><\/tr><tr><td>1999-2000<\/td><td>Honneur P-A<\/td><td>1\/10<\/td><td><br><\/td><td>Champion de France<br>Champion du P-A<\/td><\/tr><tr><td>1998-1999<\/td><td>Honneur P-A<\/td><td>2\/10<\/td><td>finale du P-A<br>32\u00e8 finale C-F<\/td><td><br><\/td><\/tr><tr><td>1997-1998<\/td><td>Promotion Honneur P-A<\/td><td>1\/10<\/td><td>1\/2 finale C-F<\/td><td>Champion du P-A pour les \u00e9quipes A et B<\/td><\/tr><tr><td>1996-1997<\/td><td>1\u00e8re S\u00e9rie<\/td><td>1\/10<\/td><td><br><\/td><td>Champion de France<br>Champion du P-A pour les \u00e9quipes A et B<\/td><\/tr><tr><td>1995-1996<\/td><td>2\u00e8me S\u00e9rie<\/td><td>1\/10<\/td><td>1\/2 finale C-F<\/td><td>Champion du P-A pour les \u00e9quipes A et B<\/td><\/tr><tr><td>1994-1995<\/td><td>2\u00e8me s\u00e9rie<\/td><td>5\/10<\/td><td><br><\/td><td><br><\/td><\/tr><tr><td>1993-1994<\/td><td>1\u00e8re s\u00e9rie<\/td><td>7\/10<\/td><td><br><\/td><td><br><\/td><\/tr><tr><td>1992-1993<\/td><td>2\u00e8me s\u00e9rie<\/td><td>2\/8<\/td><td>finale du P-A<br>16\u00e8 finale C-F<\/td><td><br><\/td><\/tr><tr><td>1991-1992<\/td><td>3\u00e8me s\u00e9rie<\/td><td>8\/8<\/td><td><br><\/td><td><br><\/td><\/tr><tr><td>1990-1991<\/td><td>3\u00e8me s\u00e9rie<\/td><td>4\/10<\/td><td><br><\/td><td><br><\/td><\/tr><\/tbody><\/table><\/figure>\n\n\n\n<p>B. Chauvin<\/p>\n","protected":false},"excerpt":{"rendered":"<p>Les Titres Titres de Champion de France (C-F) 1997: 1\u00e8re s\u00e9rie 2000: Honneur Titres de Champion du Comit\u00e9 P\u00e9rigord-Agenais (P-A) 1934: 5\u00e8me s\u00e9rie 1935: 3\u00e8me s\u00e9rie 1938: 3\u00e8me s\u00e9rie 1958: Equipe Juniors 1996: 2\u00e8me s\u00e9rie 1997: 1\u00e8re s\u00e9rie (Equipes A et B) 1998: Promotion Honneur (Equipes A et B) 1999: Equipe Cadets 2000: Honneur &nbsp;&#8230; <a href=\"https:\/\/car-rugby.fr\/index.php\/le-club\/palmares-du-club\/\" class=\"more-link\">Continue reading <span class=\"screen-reader-text\">Palmar\u00e8s du Club<\/span><\/a><\/p>\n","protected":false},"author":11,"featured_media":0,"parent":21,"menu_order":0,"comment_status":"closed","ping_status":"closed","template":"","meta":{"_exactmetrics_skip_tracking":false,"_exactmetrics_sitenote_active":false,"_exactmetrics_sitenote_note":"","_exactmetrics_sitenote_category":0,"ngg_post_thumbnail":0,"jetpack_post_was_ever_published":false,"footnotes":""},"class_list":["post-1144","page","type-page","status-publish","hentry"],"jetpack_sharing_enabled":true,"jetpack_shortlink":"https:\/\/wp.me\/Paxq1d-is","jetpack_likes_enabled":false,"_links":{"self":[{"href":"https:\/\/car-rugby.fr\/index.php\/wp-json\/wp\/v2\/pages\/1144","targetHints":{"allow":["GET"]}}],"collection":[{"href":"https:\/\/car-rugby.fr\/index.php\/wp-json\/wp\/v2\/pages"}],"about":[{"href":"https:\/\/car-rugby.fr\/index.php\/wp-json\/wp\/v2\/types\/page"}],"author":[{"embeddable":true,"href":"https:\/\/car-rugby.fr\/index.php\/wp-json\/wp\/v2\/users\/11"}],"replies":[{"embeddable":true,"href":"https:\/\/car-rugby.fr\/index.php\/wp-json\/wp\/v2\/comments?post=1144"}],"version-history":[{"count":96,"href":"https:\/\/car-rugby.fr\/index.php\/wp-json\/wp\/v2\/pages\/1144\/revisions"}],"predecessor-version":[{"id":5213,"href":"https:\/\/car-rugby.fr\/index.php\/wp-json\/wp\/v2\/pages\/1144\/revisions\/5213"}],"up":[{"embeddable":true,"href":"https:\/\/car-rugby.fr\/index.php\/wp-json\/wp\/v2\/pages\/21"}],"wp:attachment":[{"href":"https:\/\/car-rugby.fr\/index.php\/wp-json\/wp\/v2\/media?parent=1144"}],"curies":[{"name":"wp","href":"https:\/\/api.w.org\/{rel}","templated":true}]}}